{"id":960,"date":"2021-09-17T10:45:31","date_gmt":"2021-09-17T13:45:31","guid":{"rendered":"https:\/\/unichristus.edu.br\/ppg\/?page_id=960"},"modified":"2021-10-18T11:26:24","modified_gmt":"2021-10-18T14:26:24","slug":"entrega-final-dissertacao","status":"publish","type":"page","link":"https:\/\/unichristus.edu.br\/ppg\/entrega-final-dissertacao\/","title":{"rendered":"Envio de Vers\u00e3o Final da Disserta\u00e7\u00e3o"},"content":{"rendered":"\n<p><\/p>\n\n\n","protected":false},"excerpt":{"rendered":"","protected":false},"author":2,"featured_media":0,"parent":0,"menu_order":0,"comment_status":"closed","ping_status":"closed","template":"page-home.php","meta":{"footnotes":""},"class_list":["post-960","page","type-page","status-publish","hentry"],"acf":[],"_links":{"self":[{"href":"https:\/\/unichristus.edu.br\/ppg\/wp-json\/wp\/v2\/pages\/960","targetHints":{"allow":["GET"]}}],"collection":[{"href":"https:\/\/unichristus.edu.br\/ppg\/wp-json\/wp\/v2\/pages"}],"about":[{"href":"https:\/\/unichristus.edu.br\/ppg\/wp-json\/wp\/v2\/types\/page"}],"author":[{"embeddable":true,"href":"https:\/\/unichristus.edu.br\/ppg\/wp-json\/wp\/v2\/users\/2"}],"replies":[{"embeddable":true,"href":"https:\/\/unichristus.edu.br\/ppg\/wp-json\/wp\/v2\/comments?post=960"}],"version-history":[{"count":18,"href":"https:\/\/unichristus.edu.br\/ppg\/wp-json\/wp\/v2\/pages\/960\/revisions"}],"predecessor-version":[{"id":1010,"href":"https:\/\/unichristus.edu.br\/ppg\/wp-json\/wp\/v2\/pages\/960\/revisions\/1010"}],"wp:attachment":[{"href":"https:\/\/unichristus.edu.br\/ppg\/wp-json\/wp\/v2\/media?parent=960"}],"curies":[{"name":"wp","href":"https:\/\/api.w.org\/{rel}","templated":true}]}}